{"id":69,"date":"2022-05-24T16:31:22","date_gmt":"2022-05-24T16:31:22","guid":{"rendered":"https:\/\/biocombustibil-tm.ro\/res-circular\/?page_id=69"},"modified":"2025-05-25T18:45:34","modified_gmt":"2025-05-25T18:45:34","slug":"evenimente","status":"publish","type":"page","link":"https:\/\/biocombustibil-tm.ro\/res-circular\/ro_ro\/evenimente\/","title":{"rendered":"Evenimente"},"content":{"rendered":"\t\t<div data-elementor-type=\"wp-page\" data-elementor-id=\"69\" class=\"elementor elementor-69\">\n\t\t\t\t\t\t<section class=\"elementor-section elementor-top-section elementor-element elementor-element-7847a46 elementor-section-boxed elementor-section-height-default elementor-section-height-default\" data-id=\"7847a46\" data-element_type=\"section\">\n\t\t\t\t\t\t<div class=\"elementor-container elementor-column-gap-default\">\n\t\t\t\t\t<div class=\"elementor-column elementor-col-100 elementor-top-column elementor-element elementor-element-4563e73\" data-id=\"4563e73\" data-element_type=\"column\">\n\t\t\t<div class=\"elementor-widget-wrap elementor-element-populated\">\n\t\t\t\t\t\t<div class=\"elementor-element elementor-element-004f7a7 elementor-widget elementor-widget-heading\" data-id=\"004f7a7\" data-element_type=\"widget\" data-widget_type=\"heading.default\">\n\t\t\t\t<div class=\"elementor-widget-container\">\n\t\t\t\t\t<h2 class=\"elementor-heading-title elementor-size-default\">Evenimente<\/h2>\t\t\t\t<\/div>\n\t\t\t\t<\/div>\n\t\t\t\t\t<\/div>\n\t\t<\/div>\n\t\t\t\t\t<\/div>\n\t\t<\/section>\n\t\t\t\t<section class=\"elementor-section elementor-top-section elementor-element elementor-element-b435370 elementor-section-boxed elementor-section-height-default elementor-section-height-default\" data-id=\"b435370\" data-element_type=\"section\">\n\t\t\t\t\t\t<div class=\"elementor-container elementor-column-gap-default\">\n\t\t\t\t\t<div class=\"elementor-column elementor-col-100 elementor-top-column elementor-element elementor-element-e68e3ed\" data-id=\"e68e3ed\" data-element_type=\"column\">\n\t\t\t<div class=\"elementor-widget-wrap elementor-element-populated\">\n\t\t\t\t\t\t<section class=\"elementor-section elementor-inner-section elementor-element elementor-element-eb8ef97 elementor-section-boxed elementor-section-height-default elementor-section-height-default\" data-id=\"eb8ef97\" data-element_type=\"section\">\n\t\t\t\t\t\t<div class=\"elementor-container elementor-column-gap-default\">\n\t\t\t\t\t<div class=\"elementor-column elementor-col-100 elementor-inner-column elementor-element elementor-element-88e0c38\" data-id=\"88e0c38\" data-element_type=\"column\">\n\t\t\t<div class=\"elementor-widget-wrap elementor-element-populated\">\n\t\t\t\t\t\t<div class=\"elementor-element elementor-element-58bb07d elementor-widget elementor-widget-text-editor\" data-id=\"58bb07d\" data-element_type=\"widget\" data-widget_type=\"text-editor.default\">\n\t\t\t\t<div class=\"elementor-widget-container\">\n\t\t\t\t\t\t\t\t\t<p><strong>15 Mai 2025<\/strong>: Deschiderea oficial\u0103 a sta\u021biei de biogaz<\/p><p><strong>28 februarie \u2013 15 mai 2025<\/strong>: Punerea \u00een func\u021biune, teste de performan\u021b\u0103 ale instala\u021biei de biogaz, racordarea la electricitate<\/p><p><strong>Aprilie \u2013 decembrie 2024<\/strong> &#8211; Execu\u021bia instala\u021biei de biogaz<\/p><p><strong>28 noiembrie 2023 \u2013 19 martie 2024<\/strong>: Achizi\u021bionarea instala\u021biei de biogaz<\/p><p><strong>Mai-noiembrie 2023<\/strong>: Stabilirea specifica\u021biilor pentru construc\u021bia instala\u021biei de biogaz \u00eempreun\u0103 cu proiectantul tehnic \u0219i consultantul pentru coordonarea implement\u0103rii proiectului tehnic<\/p><p><strong>06 Iunie 2023<\/strong>: Au fost ob\u021binute toate avizele \u0219i acordurile pentru construirea instala\u021biei de biogaz<\/p><p><strong>07 Februarie 2023<\/strong>: Sistemul fotovoltaic a \u00eenceput produc\u021bia de energie electric\u0103<\/p><p><strong>02 Ianuarie 2023<\/strong>: \u00cenceperea instal\u0103rii sistemului fotovoltaic pe acoperi\u0219urile cl\u0103dirilor din campusul USVT<\/p><p><strong>05 Decembrie 2022<\/strong>: Semnarea contractului de execu\u021bie a sistemului de panouri fotovoltaice<\/p><p><strong>27 mai 2022<\/strong>: Workshop \u0219i eveniment de lansare a proiectului sus\u021binut de Norvegia prin intermediul Granturi Norvegie, \u00een cadrul \u201eProgramului Energie \u00een Rom\u00e2nia\u201d. Acronimul proiectului stabilit: RES-CIRCULAR, logo-ul proiectului publicat pe site-ul proiectului<\/p><p><strong>Aprilie &#8211; Mai 2022<\/strong>: Procedura de achizi\u021bie a serviciului pentru activit\u0103\u021bi de comunicare<\/p><p><strong>21 aprilie 2022<\/strong>: Eliberat certificat de urbanism<\/p><p><strong>25 ianuarie 2022<\/strong>: Semnarea contractului pentru elaborarea documentelor tehnico-economice si juridice.<br \/>documentatia administrativa precum si a asistentei tehnice in cadrul proiectului<\/p><p><strong>Iunie \u2013 Decembrie 2021<\/strong>: Raport de procedur\u0103, analiz\u0103, simplificare a procedurilor, re-<br \/>publicarea documentatiei pentru cele trei incercari de achizitie de servicii pt<br \/>proiect tehnic si asistenta tehnica<\/p><p><strong>8 iunie 2021<\/strong>: Studiu de fezabilitate emis<\/p><p><strong>Aprilie &#8211; Mai 2021<\/strong>: Livrarea informa\u021biilor \u0219i documentelor necesare emiterii studiului de fezabilitate<\/p><p><strong>Februarie &#8211; Martie 2021<\/strong>: Procedura de achizitie a serviciului pentru studiu de fezabilitate<\/p><p><strong>Ianuarie \u2013 Februarie 2021<\/strong>: Consultan\u021b\u0103 \u00een contractare pentru procedurile de achizi\u021bie<\/p><p><strong>21.12.2020<\/strong>: Grant semnat \u00eentre BUASVM \u0219i Norway Grants<\/p><p><strong>Septembrie &#8211; Decembrie 2019<\/strong>: Re-negociere parteneriate \u00een proiect, asum\u00e2nd<br \/>\u00eentreaga responsabilitate a proiectului de c\u0103tre un singur partener: BUASVM \u201dRegele Mihai I al Rom\u00e2niei\u201d din Timi\u0219oara<\/p><p><strong>Aprilie \u2013 Septembrie 2019<\/strong>: Clarific\u0103ri \u0219i comunic\u0103ri \u00een vederea remodel\u0103rii proiectului<br \/>a\u0219a cum a indicat Innovation Norway<\/p><p><strong>Februarie-Martie 2019<\/strong> : Redactarea propunerii de proiect, clarificari si comunicari in ordine<br \/>pentru a remodela proiectul, a\u0219a cum a indicat Innovation Norway<\/p>\t\t\t\t\t\t\t\t<\/div>\n\t\t\t\t<\/div>\n\t\t\t\t\t<\/div>\n\t\t<\/div>\n\t\t\t\t\t<\/div>\n\t\t<\/section>\n\t\t\t\t\t<\/div>\n\t\t<\/div>\n\t\t\t\t\t<\/div>\n\t\t<\/section>\n\t\t\t\t<section class=\"elementor-section elementor-top-section elementor-element elementor-element-33a0d30 elementor-section-boxed elementor-section-height-default elementor-section-height-default\" data-id=\"33a0d30\" data-element_type=\"section\">\n\t\t\t\t\t\t<div class=\"elementor-container elementor-column-gap-default\">\n\t\t\t\t\t<div class=\"elementor-column elementor-col-100 elementor-top-column elementor-element elementor-element-3ef1019\" data-id=\"3ef1019\" data-element_type=\"column\">\n\t\t\t<div class=\"elementor-widget-wrap elementor-element-populated\">\n\t\t\t\t\t\t<div class=\"elementor-element elementor-element-5871f0a elementor-widget elementor-widget-shortcode\" data-id=\"5871f0a\" data-element_type=\"widget\" data-widget_type=\"shortcode.default\">\n\t\t\t\t<div class=\"elementor-widget-container\">\n\t\t\t\t\t\t\n\t\n\t\t\n\n\t\n\t\t\t\n\t\t\n\t\t\t\t\t\t\t\t\t\t\n\t\n\t\t\t\t\n\t\t\t\n\t\t\t\t<div class=\"elementor-shortcode\"><div id='mvcwid'style='text-align: left; color: #000000;'><h3 class='wps_visitor_title'>Visitors<\/h3><div id=\"wpsvccount\"><img src='https:\/\/biocombustibil-tm.ro\/res-circular\/wp-content\/plugins\/wps-visitor-counter\/styles\/image\/web\/0.gif' alt='0'><img src='https:\/\/biocombustibil-tm.ro\/res-circular\/wp-content\/plugins\/wps-visitor-counter\/styles\/image\/web\/0.gif' alt='0'><img src='https:\/\/biocombustibil-tm.ro\/res-circular\/wp-content\/plugins\/wps-visitor-counter\/styles\/image\/web\/1.gif' alt='1'><img src='https:\/\/biocombustibil-tm.ro\/res-circular\/wp-content\/plugins\/wps-visitor-counter\/styles\/image\/web\/7.gif' alt='7'><img src='https:\/\/biocombustibil-tm.ro\/res-circular\/wp-content\/plugins\/wps-visitor-counter\/styles\/image\/web\/9.gif' alt='9'><img src='https:\/\/biocombustibil-tm.ro\/res-circular\/wp-content\/plugins\/wps-visitor-counter\/styles\/image\/web\/9.gif' alt='9'><\/div>\n\t<div id=\"wpsvctable\"><div id=\"wpsvcvisit\" style='text-align: left; color: #000000;'><img src='https:\/\/biocombustibil-tm.ro\/res-circular\/wp-content\/plugins\/wps-visitor-counter\/counter\/user_today.png'> Users Today : 0<\/div><\/div><div id=\"wpsvcattribution\" style='text-align: left; color: #000000;'><small>Powered By <a href=\"https:\/\/techmix.xyz\/\" rel=\"nofollow\">WPS Visitor Counter<\/a><\/small><\/div><\/div><\/div>\n\t\t\t\t\t\t<\/div>\n\t\t\t\t<\/div>\n\t\t\t\t\t<\/div>\n\t\t<\/div>\n\t\t\t\t\t<\/div>\n\t\t<\/section>\n\t\t\t\t<\/div>\n\t\t","protected":false},"excerpt":{"rendered":"<p>Evenimente 15 Mai 2025: Deschiderea oficial\u0103 a sta\u021biei de biogaz 28 februarie \u2013 15 mai 2025: Punerea \u00een func\u021biune, teste de performan\u021b\u0103 ale instala\u021biei de biogaz, racordarea la electricitate Aprilie \u2013 decembrie 2024 &#8211; Execu\u021bia instala\u021biei de biogaz 28 noiembrie 2023 \u2013 19 martie 2024: Achizi\u021bionarea instala\u021biei de biogaz Mai-noiembrie 2023: Stabilirea specifica\u021biilor pentru construc\u021bia &hellip;<\/p>\n<p class=\"read-more\"> <a class=\"\" href=\"https:\/\/biocombustibil-tm.ro\/res-circular\/ro_ro\/evenimente\/\"> <span class=\"screen-reader-text\">Evenimente<\/span> Read More &raquo;<\/a><\/p>\n","protected":false},"author":1,"featured_media":0,"parent":0,"menu_order":0,"comment_status":"closed","ping_status":"closed","template":"","meta":{"site-sidebar-layout":"no-sidebar","site-content-layout":"page-builder","ast-global-header-display":"","ast-main-header-display":"","ast-hfb-above-header-display":"","ast-hfb-below-header-display":"","ast-hfb-mobile-header-display":"","site-post-title":"disabled","ast-breadcrumbs-content":"","ast-featured-img":"disabled","footer-sml-layout":"","theme-transparent-header-meta":"","adv-header-id-meta":"","stick-header-meta":"","header-above-stick-meta":"","header-main-stick-meta":"","header-below-stick-meta":"","footnotes":""},"class_list":["post-69","page","type-page","status-publish","hentry"],"_links":{"self":[{"href":"https:\/\/biocombustibil-tm.ro\/res-circular\/ro_ro\/wp-json\/wp\/v2\/pages\/69","targetHints":{"allow":["GET"]}}],"collection":[{"href":"https:\/\/biocombustibil-tm.ro\/res-circular\/ro_ro\/wp-json\/wp\/v2\/pages"}],"about":[{"href":"https:\/\/biocombustibil-tm.ro\/res-circular\/ro_ro\/wp-json\/wp\/v2\/types\/page"}],"author":[{"embeddable":true,"href":"https:\/\/biocombustibil-tm.ro\/res-circular\/ro_ro\/wp-json\/wp\/v2\/users\/1"}],"replies":[{"embeddable":true,"href":"https:\/\/biocombustibil-tm.ro\/res-circular\/ro_ro\/wp-json\/wp\/v2\/comments?post=69"}],"version-history":[{"count":31,"href":"https:\/\/biocombustibil-tm.ro\/res-circular\/ro_ro\/wp-json\/wp\/v2\/pages\/69\/revisions"}],"predecessor-version":[{"id":502,"href":"https:\/\/biocombustibil-tm.ro\/res-circular\/ro_ro\/wp-json\/wp\/v2\/pages\/69\/revisions\/502"}],"wp:attachment":[{"href":"https:\/\/biocombustibil-tm.ro\/res-circular\/ro_ro\/wp-json\/wp\/v2\/media?parent=69"}],"curies":[{"name":"wp","href":"https:\/\/api.w.org\/{rel}","templated":true}]}}