{"id":13,"date":"2022-05-18T17:13:52","date_gmt":"2022-05-18T17:13:52","guid":{"rendered":"https:\/\/biocombustibil-tm.ro\/res-circular\/?page_id=13"},"modified":"2023-01-18T09:42:20","modified_gmt":"2023-01-18T09:42:20","slug":"acasa","status":"publish","type":"page","link":"https:\/\/biocombustibil-tm.ro\/res-circular\/ro_ro\/","title":{"rendered":"Acas\u0103"},"content":{"rendered":"\t\t<div data-elementor-type=\"wp-page\" data-elementor-id=\"13\" class=\"elementor elementor-13\">\n\t\t\t\t\t\t<section class=\"elementor-section elementor-top-section elementor-element elementor-element-33b2438 elementor-section-boxed elementor-section-height-default elementor-section-height-default\" data-id=\"33b2438\" data-element_type=\"section\">\n\t\t\t\t\t\t<div class=\"elementor-container elementor-column-gap-default\">\n\t\t\t\t\t<div class=\"elementor-column elementor-col-100 elementor-top-column elementor-element elementor-element-6ce57b2\" data-id=\"6ce57b2\" data-element_type=\"column\">\n\t\t\t<div class=\"elementor-widget-wrap elementor-element-populated\">\n\t\t\t\t\t\t<section class=\"elementor-section elementor-inner-section elementor-element elementor-element-65c8d8f elementor-section-boxed elementor-section-height-default elementor-section-height-default\" data-id=\"65c8d8f\" data-element_type=\"section\">\n\t\t\t\t\t\t<div class=\"elementor-container elementor-column-gap-default\">\n\t\t\t\t\t<div class=\"elementor-column elementor-col-50 elementor-inner-column elementor-element elementor-element-17873cd\" data-id=\"17873cd\" data-element_type=\"column\">\n\t\t\t<div class=\"elementor-widget-wrap elementor-element-populated\">\n\t\t\t\t\t\t<div class=\"elementor-element elementor-element-2a05784 elementor-widget elementor-widget-image\" data-id=\"2a05784\" data-element_type=\"widget\" data-widget_type=\"image.default\">\n\t\t\t\t<div class=\"elementor-widget-container\">\n\t\t\t\t\t\t\t\t\t\t\t\t\t\t\t<img fetchpriority=\"high\" decoding=\"async\" width=\"300\" height=\"243\" src=\"https:\/\/biocombustibil-tm.ro\/res-circular\/wp-content\/uploads\/2022\/05\/cropped-Logo-3-culori-proiect-300x243.jpeg\" class=\"attachment-medium size-medium wp-image-20\" alt=\"\" srcset=\"https:\/\/biocombustibil-tm.ro\/res-circular\/wp-content\/uploads\/2022\/05\/cropped-Logo-3-culori-proiect-300x243.jpeg 300w, https:\/\/biocombustibil-tm.ro\/res-circular\/wp-content\/uploads\/2022\/05\/cropped-Logo-3-culori-proiect-15x12.jpeg 15w, https:\/\/biocombustibil-tm.ro\/res-circular\/wp-content\/uploads\/2022\/05\/cropped-Logo-3-culori-proiect-166x134.jpeg 166w, https:\/\/biocombustibil-tm.ro\/res-circular\/wp-content\/uploads\/2022\/05\/cropped-Logo-3-culori-proiect.jpeg 363w\" sizes=\"(max-width: 300px) 100vw, 300px\" \/>\t\t\t\t\t\t\t\t\t\t\t\t\t\t\t<\/div>\n\t\t\t\t<\/div>\n\t\t\t\t\t<\/div>\n\t\t<\/div>\n\t\t\t\t<div class=\"elementor-column elementor-col-50 elementor-inner-column elementor-element elementor-element-be7c2d9\" data-id=\"be7c2d9\" data-element_type=\"column\">\n\t\t\t<div class=\"elementor-widget-wrap elementor-element-populated\">\n\t\t\t\t\t\t<div class=\"elementor-element elementor-element-95bb8cb elementor-widget elementor-widget-heading\" data-id=\"95bb8cb\" data-element_type=\"widget\" data-widget_type=\"heading.default\">\n\t\t\t\t<div class=\"elementor-widget-container\">\n\t\t\t\t\t<h1 class=\"elementor-heading-title elementor-size-default\">RES and Circular Economy Applied in an Academic Community as an Example for Smart\nSustainable Development<\/h1>\t\t\t\t<\/div>\n\t\t\t\t<\/div>\n\t\t\t\t\t<\/div>\n\t\t<\/div>\n\t\t\t\t\t<\/div>\n\t\t<\/section>\n\t\t\t\t\t<\/div>\n\t\t<\/div>\n\t\t\t\t\t<\/div>\n\t\t<\/section>\n\t\t\t\t<section class=\"elementor-section elementor-top-section elementor-element elementor-element-2b34105 elementor-section-boxed elementor-section-height-default elementor-section-height-default\" data-id=\"2b34105\" data-element_type=\"section\">\n\t\t\t\t\t\t<div class=\"elementor-container elementor-column-gap-default\">\n\t\t\t\t\t<div class=\"elementor-column elementor-col-100 elementor-top-column elementor-element elementor-element-40b6652\" data-id=\"40b6652\" data-element_type=\"column\">\n\t\t\t<div class=\"elementor-widget-wrap elementor-element-populated\">\n\t\t\t\t\t\t<div class=\"elementor-element elementor-element-146b1cf elementor-widget elementor-widget-heading\" data-id=\"146b1cf\" data-element_type=\"widget\" data-widget_type=\"heading.default\">\n\t\t\t\t<div class=\"elementor-widget-container\">\n\t\t\t\t\t<h4 class=\"elementor-heading-title elementor-size-default\">cod proiect 2020\/554215<\/h4>\t\t\t\t<\/div>\n\t\t\t\t<\/div>\n\t\t\t\t\t<\/div>\n\t\t<\/div>\n\t\t\t\t\t<\/div>\n\t\t<\/section>\n\t\t\t\t<section class=\"elementor-section elementor-top-section elementor-element elementor-element-45f65f0 elementor-section-boxed elementor-section-height-default elementor-section-height-default\" data-id=\"45f65f0\" data-element_type=\"section\">\n\t\t\t\t\t\t<div class=\"elementor-container elementor-column-gap-default\">\n\t\t\t\t\t<div class=\"elementor-column elementor-col-100 elementor-top-column elementor-element elementor-element-4f45e05\" data-id=\"4f45e05\" data-element_type=\"column\">\n\t\t\t<div class=\"elementor-widget-wrap elementor-element-populated\">\n\t\t\t\t\t\t<div class=\"elementor-element elementor-element-89412b0 elementor-widget elementor-widget-text-editor\" data-id=\"89412b0\" data-element_type=\"widget\" data-widget_type=\"text-editor.default\">\n\t\t\t\t<div class=\"elementor-widget-container\">\n\t\t\t\t\t\t\t\t\t<p>Programul <strong>Mecanisme financiare SEE \u0219i Norvegia, 2014<\/strong><strong>\u2010<\/strong><strong>2021, \u201cProgram pentru energie \u00een Rom\u00e2nia\u201d, Apel de proiecte <\/strong><strong>\u2010<\/strong><strong> Apel 3: <\/strong>\u201cCapacitate crescut\u0103 pentru furnizarea energiei regenerabile\u201d \u2013 Alte surse de energie regenerabil\u0103 (SRE)<\/p>\t\t\t\t\t\t\t\t<\/div>\n\t\t\t\t<\/div>\n\t\t\t\t\t<\/div>\n\t\t<\/div>\n\t\t\t\t\t<\/div>\n\t\t<\/section>\n\t\t\t\t<section class=\"elementor-section elementor-top-section elementor-element elementor-element-e980eab elementor-section-boxed elementor-section-height-default elementor-section-height-default\" data-id=\"e980eab\" data-element_type=\"section\">\n\t\t\t\t\t\t<div class=\"elementor-container elementor-column-gap-default\">\n\t\t\t\t\t<div class=\"elementor-column elementor-col-100 elementor-top-column elementor-element elementor-element-3b780df\" data-id=\"3b780df\" data-element_type=\"column\">\n\t\t\t<div class=\"elementor-widget-wrap elementor-element-populated\">\n\t\t\t\t\t\t<div class=\"elementor-element elementor-element-423f7f2 elementor-widget elementor-widget-text-editor\" data-id=\"423f7f2\" data-element_type=\"widget\" data-widget_type=\"text-editor.default\">\n\t\t\t\t<div class=\"elementor-widget-container\">\n\t\t\t\t\t\t\t\t\t<p><strong>Finan\u021bat cu sprijinul granturilor acordate prin mecanismul financiar Norvegian 2014-2021, \u00een cadrul \u201eProgramului de Energie din Rom\u00e2nia&#8221;<\/strong><\/p>\t\t\t\t\t\t\t\t<\/div>\n\t\t\t\t<\/div>\n\t\t\t\t\t<\/div>\n\t\t<\/div>\n\t\t\t\t\t<\/div>\n\t\t<\/section>\n\t\t\t\t<section class=\"elementor-section elementor-top-section elementor-element elementor-element-58edf87 elementor-section-boxed elementor-section-height-default elementor-section-height-default\" data-id=\"58edf87\" data-element_type=\"section\">\n\t\t\t\t\t\t<div class=\"elementor-container elementor-column-gap-default\">\n\t\t\t\t\t<div class=\"elementor-column elementor-col-100 elementor-top-column elementor-element elementor-element-6fe5b8d\" data-id=\"6fe5b8d\" data-element_type=\"column\">\n\t\t\t<div class=\"elementor-widget-wrap elementor-element-populated\">\n\t\t\t\t\t\t<div class=\"elementor-element elementor-element-306eec0 elementor-widget elementor-widget-text-editor\" data-id=\"306eec0\" data-element_type=\"widget\" data-widget_type=\"text-editor.default\">\n\t\t\t\t<div class=\"elementor-widget-container\">\n\t\t\t\t\t\t\t\t\t<p>Autoritatea contractant\u0103: Universitatea de \u0218tiin\u021bele Vie\u021bii \u201d<i>Regele Mihai I<\/i>\u201d din Timi\u0219oara<\/p><p>Link: <a href=\"https:\/\/www.usab-tm.ro\/\">https:\/\/www.usab-tm.ro\/<\/a><\/p><p><em>\u00a0<\/em><\/p><p>Buget total: 1 122 514 Euro, din care 954 000 Euro, reprezent\u00e2nd 85% din cheltuieli totale eligibile sunt oferi\u021bi cu titlu de grant.<\/p><p>Suma de 168 514 Euro reprezint\u0103 15% din total cheltuieli eligibile previzionate \u00een bugetul USAMVB Timi\u0219oara<\/p><p>Perioada de derulare a proiectului: decembrie 2020 \u2013 august 2023<\/p><p><strong>Contextul \u0219i obiectivul proiectului<\/strong><\/p><p>Obiectivul proiectului este dezvoltarea unui sistem de cogenerare energie electric\u0103 \u0219i termic\u0103 din surse regenerabile. \u00cen campusul universitar va fi instalat\u0103 o instala\u021bie de biogaz de 80-100 kWe plus un sistem fotovoltaic de 150 kWp. Universitatea dezvolt\u0103 acest proiect demonstrativ pentru comunitatea local\u0103, fermieri, dar mai ales pentru educare-formare profesional\u0103, ca experien\u021b\u0103 practic\u0103 \u00een dezvoltarea proiectelor de energie regenerabil\u0103 \u0219i bioeconomie circular\u0103. Odat\u0103 cu implementarea proiectului, amprenta de carbon a campusului va fi redus\u0103 prin valorificarea resurselor regenerabile locale disponibile \u0219i prin transformarea acestor resurse \u00een energie electric\u0103 \u0219i termic\u0103 \u0219i utilizarea energiei pentru autoconsum \u00een campusul universitar. Capacitatea total\u0103 de produc\u021bia a energiei electrice a sistemului este previzionat\u0103 la cca 825 MWh\/an, care poate acoperi cca 40% din consumul total de electricitate de cca 1848 MWh\/an a campusului USAMVBT.<\/p><p>Produc\u021bia de energie verde va \u00eenlocui energia pe baz\u0103 de combustibili fosili \u0219i va atenua emisiile de metan. Economiile totale de emisii de CO<sub>2<\/sub> echivalente sunt de 2400 de tone pe an.<\/p><p>Deoarece proiectul poate fi replicat \u00een scenarii similare, de exemplu pentru a dezvolta un model de ferme auto-sustenabile, proiectul va fi un model pilot de afaceri ecologice pentru un mediu mai curat \u00een Rom\u00e2nia.<\/p>\t\t\t\t\t\t\t\t<\/div>\n\t\t\t\t<\/div>\n\t\t\t\t<div class=\"elementor-element elementor-element-5c6857d elementor-widget elementor-widget-text-editor\" data-id=\"5c6857d\" data-element_type=\"widget\" data-widget_type=\"text-editor.default\">\n\t\t\t\t<div class=\"elementor-widget-container\">\n\t\t\t\t\t\t\t\t\t<p><strong>Etape de proiect<\/strong><br \/>Secven\u021ba de evenimente care construie\u0219te \u00eentregul proiect este sintetizat\u0103 \u00een urm\u0103toarele etape, const\u00e2nd \u00eentr-un punct de progres semnificativ care apare de-a lungul cronologiei proiectului. Prin atingerea urm\u0103toarelor etape, proiectul nostru este considerat finalizat.<br \/>1. Selectarea \u0219i achizi\u021bionarea de consultant tehnic care s\u0103 sprijine promotorul de proiect \u00een activit\u0103\u021bile de planificare, monitorizare, verificare \u0219i raportare;<br \/>2. Selec\u021bia \u0219i achizi\u021bionarea de servicii de preinginerie pentru: studiu de fezabilitate, proiectare tehnic\u0103 a proiectului;<br \/>3. Livrarea studiului de fezabilitate \u0219i a proiectului tehnic c\u0103tre Innovation Norway \u0219i solicitarea pl\u0103\u021bii \u00een avans pentru implementarea integral\u0103 a proiectului;<br \/>4. Ini\u021bierea activit\u0103\u021bilor de diseminare \u0219i proiectarea de instrumente web pentru diseminare;<br \/>5. Obtinerea tuturor avizelor, avizelor, certificatelor necesare realizarii sistemului energetic;<br \/>6. Selec\u021bia \u0219i achizi\u021bia contractorilor principali pentru gestionarea solu\u021biilor tehnice pentru sistemul energetic, coordonarea \u0219antierului, lucr\u0103ri civile;<br \/>7. Achizi\u021bie de instala\u021bie de biogaz \u0219i central\u0103 fotovoltaic\u0103;<br \/>8. Integrarea sistemului energetic \u00een campusul universitar \u0219i ferma didactic\u0103<\/p>\t\t\t\t\t\t\t\t<\/div>\n\t\t\t\t<\/div>\n\t\t\t\t\t<\/div>\n\t\t<\/div>\n\t\t\t\t\t<\/div>\n\t\t<\/section>\n\t\t\t\t<section class=\"elementor-section elementor-top-section elementor-element elementor-element-b7b55b4 elementor-section-boxed elementor-section-height-default elementor-section-height-default\" data-id=\"b7b55b4\" data-element_type=\"section\">\n\t\t\t\t\t\t<div class=\"elementor-container elementor-column-gap-default\">\n\t\t\t\t\t<div class=\"elementor-column elementor-col-100 elementor-top-column elementor-element elementor-element-b025d4c\" data-id=\"b025d4c\" data-element_type=\"column\">\n\t\t\t<div class=\"elementor-widget-wrap elementor-element-populated\">\n\t\t\t\t\t\t<div class=\"elementor-element elementor-element-ce7c859 elementor-widget elementor-widget-image\" data-id=\"ce7c859\" data-element_type=\"widget\" data-widget_type=\"image.default\">\n\t\t\t\t<div class=\"elementor-widget-container\">\n\t\t\t\t\t\t\t\t\t\t\t\t\t\t\t<img decoding=\"async\" width=\"768\" height=\"837\" src=\"https:\/\/biocombustibil-tm.ro\/res-circular\/wp-content\/uploads\/2022\/05\/1-768x837.png\" class=\"attachment-medium_large size-medium_large wp-image-34\" alt=\"\" srcset=\"https:\/\/biocombustibil-tm.ro\/res-circular\/wp-content\/uploads\/2022\/05\/1-768x837.png 768w, https:\/\/biocombustibil-tm.ro\/res-circular\/wp-content\/uploads\/2022\/05\/1-275x300.png 275w, https:\/\/biocombustibil-tm.ro\/res-circular\/wp-content\/uploads\/2022\/05\/1-939x1024.png 939w, https:\/\/biocombustibil-tm.ro\/res-circular\/wp-content\/uploads\/2022\/05\/1-1409x1536.png 1409w, https:\/\/biocombustibil-tm.ro\/res-circular\/wp-content\/uploads\/2022\/05\/1-1879x2048.png 1879w, https:\/\/biocombustibil-tm.ro\/res-circular\/wp-content\/uploads\/2022\/05\/1-11x12.png 11w\" sizes=\"(max-width: 768px) 100vw, 768px\" \/>\t\t\t\t\t\t\t\t\t\t\t\t\t\t\t<\/div>\n\t\t\t\t<\/div>\n\t\t\t\t\t<\/div>\n\t\t<\/div>\n\t\t\t\t\t<\/div>\n\t\t<\/section>\n\t\t\t\t<section class=\"elementor-section elementor-top-section elementor-element elementor-element-71322c0 elementor-section-boxed elementor-section-height-default elementor-section-height-default\" data-id=\"71322c0\" data-element_type=\"section\">\n\t\t\t\t\t\t<div class=\"elementor-container elementor-column-gap-default\">\n\t\t\t\t\t<div class=\"elementor-column elementor-col-100 elementor-top-column elementor-element elementor-element-01bdf00\" data-id=\"01bdf00\" data-element_type=\"column\">\n\t\t\t<div class=\"elementor-widget-wrap elementor-element-populated\">\n\t\t\t\t\t\t<div class=\"elementor-element elementor-element-cb32c77 elementor-widget elementor-widget-text-editor\" data-id=\"cb32c77\" data-element_type=\"widget\" data-widget_type=\"text-editor.default\">\n\t\t\t\t<div class=\"elementor-widget-container\">\n\t\t\t\t\t\t\t\t\t<p>Simulare a instal\u0103rii panourilor fotovoltaice pe acoperi\u0219ul cantinei<\/p>\t\t\t\t\t\t\t\t<\/div>\n\t\t\t\t<\/div>\n\t\t\t\t\t<\/div>\n\t\t<\/div>\n\t\t\t\t\t<\/div>\n\t\t<\/section>\n\t\t\t\t<section class=\"elementor-section elementor-top-section elementor-element elementor-element-2a1e757 elementor-section-boxed elementor-section-height-default elementor-section-height-default\" data-id=\"2a1e757\" data-element_type=\"section\">\n\t\t\t\t\t\t<div class=\"elementor-container elementor-column-gap-default\">\n\t\t\t\t\t<div class=\"elementor-column elementor-col-100 elementor-top-column elementor-element elementor-element-e859613\" data-id=\"e859613\" data-element_type=\"column\">\n\t\t\t<div class=\"elementor-widget-wrap elementor-element-populated\">\n\t\t\t\t\t\t<div class=\"elementor-element elementor-element-f72f986 elementor-widget elementor-widget-image\" data-id=\"f72f986\" data-element_type=\"widget\" data-widget_type=\"image.default\">\n\t\t\t\t<div class=\"elementor-widget-container\">\n\t\t\t\t\t\t\t\t\t\t\t\t\t\t\t<img decoding=\"async\" width=\"768\" height=\"420\" src=\"https:\/\/biocombustibil-tm.ro\/res-circular\/wp-content\/uploads\/2022\/05\/2-768x420.png\" class=\"attachment-medium_large size-medium_large wp-image-35\" alt=\"\" srcset=\"https:\/\/biocombustibil-tm.ro\/res-circular\/wp-content\/uploads\/2022\/05\/2-768x420.png 768w, https:\/\/biocombustibil-tm.ro\/res-circular\/wp-content\/uploads\/2022\/05\/2-300x164.png 300w, https:\/\/biocombustibil-tm.ro\/res-circular\/wp-content\/uploads\/2022\/05\/2-1024x561.png 1024w, https:\/\/biocombustibil-tm.ro\/res-circular\/wp-content\/uploads\/2022\/05\/2-1536x841.png 1536w, https:\/\/biocombustibil-tm.ro\/res-circular\/wp-content\/uploads\/2022\/05\/2-2048x1121.png 2048w, https:\/\/biocombustibil-tm.ro\/res-circular\/wp-content\/uploads\/2022\/05\/2-18x10.png 18w\" sizes=\"(max-width: 768px) 100vw, 768px\" \/>\t\t\t\t\t\t\t\t\t\t\t\t\t\t\t<\/div>\n\t\t\t\t<\/div>\n\t\t\t\t\t<\/div>\n\t\t<\/div>\n\t\t\t\t\t<\/div>\n\t\t<\/section>\n\t\t\t\t<section class=\"elementor-section elementor-top-section elementor-element elementor-element-5b83f47 elementor-section-boxed elementor-section-height-default elementor-section-height-default\" data-id=\"5b83f47\" data-element_type=\"section\">\n\t\t\t\t\t\t<div class=\"elementor-container elementor-column-gap-default\">\n\t\t\t\t\t<div class=\"elementor-column elementor-col-100 elementor-top-column elementor-element elementor-element-3311aed\" data-id=\"3311aed\" data-element_type=\"column\">\n\t\t\t<div class=\"elementor-widget-wrap elementor-element-populated\">\n\t\t\t\t\t\t<div class=\"elementor-element elementor-element-159322f elementor-widget elementor-widget-text-editor\" data-id=\"159322f\" data-element_type=\"widget\" data-widget_type=\"text-editor.default\">\n\t\t\t\t<div class=\"elementor-widget-container\">\n\t\t\t\t\t\t\t\t\t<p>Diagrama procesului de digestie anaerob\u0103 a biomasei cu producere de biogaz<\/p>\t\t\t\t\t\t\t\t<\/div>\n\t\t\t\t<\/div>\n\t\t\t\t\t<\/div>\n\t\t<\/div>\n\t\t\t\t\t<\/div>\n\t\t<\/section>\n\t\t\t\t<section class=\"elementor-section elementor-top-section elementor-element elementor-element-4239d28 elementor-section-boxed elementor-section-height-default elementor-section-height-default\" data-id=\"4239d28\" data-element_type=\"section\">\n\t\t\t\t\t\t<div class=\"elementor-container elementor-column-gap-default\">\n\t\t\t\t\t<div class=\"elementor-column elementor-col-100 elementor-top-column elementor-element elementor-element-2beba35\" data-id=\"2beba35\" data-element_type=\"column\">\n\t\t\t<div class=\"elementor-widget-wrap elementor-element-populated\">\n\t\t\t\t\t\t<div class=\"elementor-element elementor-element-97acf3f elementor-widget elementor-widget-image\" data-id=\"97acf3f\" data-element_type=\"widget\" data-widget_type=\"image.default\">\n\t\t\t\t<div class=\"elementor-widget-container\">\n\t\t\t\t\t\t\t\t\t\t\t\t\t\t\t<img loading=\"lazy\" decoding=\"async\" width=\"768\" height=\"576\" src=\"https:\/\/biocombustibil-tm.ro\/res-circular\/wp-content\/uploads\/2022\/05\/3-768x576.jpg\" class=\"attachment-medium_large size-medium_large wp-image-36\" alt=\"\" srcset=\"https:\/\/biocombustibil-tm.ro\/res-circular\/wp-content\/uploads\/2022\/05\/3-768x576.jpg 768w, https:\/\/biocombustibil-tm.ro\/res-circular\/wp-content\/uploads\/2022\/05\/3-300x225.jpg 300w, https:\/\/biocombustibil-tm.ro\/res-circular\/wp-content\/uploads\/2022\/05\/3-1024x768.jpg 1024w, https:\/\/biocombustibil-tm.ro\/res-circular\/wp-content\/uploads\/2022\/05\/3-16x12.jpg 16w, https:\/\/biocombustibil-tm.ro\/res-circular\/wp-content\/uploads\/2022\/05\/3.jpg 1183w\" sizes=\"(max-width: 768px) 100vw, 768px\" \/>\t\t\t\t\t\t\t\t\t\t\t\t\t\t\t<\/div>\n\t\t\t\t<\/div>\n\t\t\t\t\t<\/div>\n\t\t<\/div>\n\t\t\t\t\t<\/div>\n\t\t<\/section>\n\t\t\t\t<section class=\"elementor-section elementor-top-section elementor-element elementor-element-6610954 elementor-section-boxed elementor-section-height-default elementor-section-height-default\" data-id=\"6610954\" data-element_type=\"section\">\n\t\t\t\t\t\t<div class=\"elementor-container elementor-column-gap-default\">\n\t\t\t\t\t<div class=\"elementor-column elementor-col-100 elementor-top-column elementor-element elementor-element-36c5021\" data-id=\"36c5021\" data-element_type=\"column\">\n\t\t\t<div class=\"elementor-widget-wrap elementor-element-populated\">\n\t\t\t\t\t\t<div class=\"elementor-element elementor-element-9e3b239 elementor-widget elementor-widget-text-editor\" data-id=\"9e3b239\" data-element_type=\"widget\" data-widget_type=\"text-editor.default\">\n\t\t\t\t<div class=\"elementor-widget-container\">\n\t\t\t\t\t\t\t\t\t<p>Sta\u021bie de biogaz pentru managementul dejec\u021biilor \u00een ferme de dimensiuni mici<\/p>\t\t\t\t\t\t\t\t<\/div>\n\t\t\t\t<\/div>\n\t\t\t\t\t<\/div>\n\t\t<\/div>\n\t\t\t\t\t<\/div>\n\t\t<\/section>\n\t\t\t\t<section class=\"elementor-section elementor-top-section elementor-element elementor-element-4df22ba elementor-section-boxed elementor-section-height-default elementor-section-height-default\" data-id=\"4df22ba\" data-element_type=\"section\">\n\t\t\t\t\t\t<div class=\"elementor-container elementor-column-gap-default\">\n\t\t\t\t\t<div class=\"elementor-column elementor-col-100 elementor-top-column elementor-element elementor-element-eb61c41\" data-id=\"eb61c41\" data-element_type=\"column\">\n\t\t\t<div class=\"elementor-widget-wrap elementor-element-populated\">\n\t\t\t\t\t\t<div class=\"elementor-element elementor-element-23d8090 elementor-widget elementor-widget-shortcode\" data-id=\"23d8090\" data-element_type=\"widget\" data-widget_type=\"shortcode.default\">\n\t\t\t\t<div class=\"elementor-widget-container\">\n\t\t\t\t\t\t\n\t\n\t\t\n\n\t\n\t\t\t\n\t\t\n\t\t\t\t\t\t\t\t\t\t\n\t\n\t\t\t\t\n\t\t\t\n\t\t\t\t<div class=\"elementor-shortcode\"><div id='mvcwid'style='text-align: left; color: #000000;'><h3 class='wps_visitor_title'>Visitors<\/h3><div id=\"wpsvccount\"><img src='https:\/\/biocombustibil-tm.ro\/res-circular\/wp-content\/plugins\/wps-visitor-counter\/styles\/image\/web\/0.gif' alt='0'><img src='https:\/\/biocombustibil-tm.ro\/res-circular\/wp-content\/plugins\/wps-visitor-counter\/styles\/image\/web\/0.gif' alt='0'><img src='https:\/\/biocombustibil-tm.ro\/res-circular\/wp-content\/plugins\/wps-visitor-counter\/styles\/image\/web\/1.gif' alt='1'><img src='https:\/\/biocombustibil-tm.ro\/res-circular\/wp-content\/plugins\/wps-visitor-counter\/styles\/image\/web\/7.gif' alt='7'><img src='https:\/\/biocombustibil-tm.ro\/res-circular\/wp-content\/plugins\/wps-visitor-counter\/styles\/image\/web\/9.gif' alt='9'><img src='https:\/\/biocombustibil-tm.ro\/res-circular\/wp-content\/plugins\/wps-visitor-counter\/styles\/image\/web\/9.gif' alt='9'><\/div>\n\t<div id=\"wpsvctable\"><div id=\"wpsvcvisit\" style='text-align: left; color: #000000;'><img src='https:\/\/biocombustibil-tm.ro\/res-circular\/wp-content\/plugins\/wps-visitor-counter\/counter\/user_today.png'> Users Today : 0<\/div><\/div><div id=\"wpsvcattribution\" style='text-align: left; color: #000000;'><small>Powered By <a href=\"https:\/\/techmix.xyz\/\" rel=\"nofollow\">WPS Visitor Counter<\/a><\/small><\/div><\/div><\/div>\n\t\t\t\t\t\t<\/div>\n\t\t\t\t<\/div>\n\t\t\t\t\t<\/div>\n\t\t<\/div>\n\t\t\t\t\t<\/div>\n\t\t<\/section>\n\t\t\t\t<\/div>\n\t\t","protected":false},"excerpt":{"rendered":"<p>RES and Circular Economy Applied in an Academic Community as an Example for Smart Sustainable Development cod proiect 2020\/554215 Programul Mecanisme financiare SEE \u0219i Norvegia, 2014\u20102021, \u201cProgram pentru energie \u00een Rom\u00e2nia\u201d, Apel de proiecte \u2010 Apel 3: \u201cCapacitate crescut\u0103 pentru furnizarea energiei regenerabile\u201d \u2013 Alte surse de energie regenerabil\u0103 (SRE) Finan\u021bat cu sprijinul granturilor acordate &hellip;<\/p>\n<p class=\"read-more\"> <a class=\"\" href=\"https:\/\/biocombustibil-tm.ro\/res-circular\/ro_ro\/\"> <span class=\"screen-reader-text\">Acas\u0103<\/span> Read More &raquo;<\/a><\/p>\n","protected":false},"author":1,"featured_media":0,"parent":0,"menu_order":0,"comment_status":"closed","ping_status":"closed","template":"","meta":{"site-sidebar-layout":"no-sidebar","site-content-layout":"page-builder","ast-global-header-display":"","ast-main-header-display":"","ast-hfb-above-header-display":"","ast-hfb-below-header-display":"","ast-hfb-mobile-header-display":"","site-post-title":"disabled","ast-breadcrumbs-content":"","ast-featured-img":"disabled","footer-sml-layout":"","theme-transparent-header-meta":"","adv-header-id-meta":"","stick-header-meta":"","header-above-stick-meta":"","header-main-stick-meta":"","header-below-stick-meta":"","footnotes":""},"class_list":["post-13","page","type-page","status-publish","hentry"],"_links":{"self":[{"href":"https:\/\/biocombustibil-tm.ro\/res-circular\/ro_ro\/wp-json\/wp\/v2\/pages\/13","targetHints":{"allow":["GET"]}}],"collection":[{"href":"https:\/\/biocombustibil-tm.ro\/res-circular\/ro_ro\/wp-json\/wp\/v2\/pages"}],"about":[{"href":"https:\/\/biocombustibil-tm.ro\/res-circular\/ro_ro\/wp-json\/wp\/v2\/types\/page"}],"author":[{"embeddable":true,"href":"https:\/\/biocombustibil-tm.ro\/res-circular\/ro_ro\/wp-json\/wp\/v2\/users\/1"}],"replies":[{"embeddable":true,"href":"https:\/\/biocombustibil-tm.ro\/res-circular\/ro_ro\/wp-json\/wp\/v2\/comments?post=13"}],"version-history":[{"count":40,"href":"https:\/\/biocombustibil-tm.ro\/res-circular\/ro_ro\/wp-json\/wp\/v2\/pages\/13\/revisions"}],"predecessor-version":[{"id":238,"href":"https:\/\/biocombustibil-tm.ro\/res-circular\/ro_ro\/wp-json\/wp\/v2\/pages\/13\/revisions\/238"}],"wp:attachment":[{"href":"https:\/\/biocombustibil-tm.ro\/res-circular\/ro_ro\/wp-json\/wp\/v2\/media?parent=13"}],"curies":[{"name":"wp","href":"https:\/\/api.w.org\/{rel}","templated":true}]}}